{"id":5426,"date":"2020-08-29T23:01:12","date_gmt":"2020-08-29T23:01:12","guid":{"rendered":"https:\/\/empireconstrux.com\/?page_id=5426"},"modified":"2021-04-04T22:13:33","modified_gmt":"2021-04-04T22:13:33","slug":"construction","status":"publish","type":"page","link":"https:\/\/empireconstrux.com\/fr\/services\/construction\/","title":{"rendered":"Construction<br>Services"},"content":{"rendered":"<div style=\" background-attachment: fixed;\"    class=\"fullwidth   section  cover-bg\"><div class=\"bg-animation  cover-bg animate-zoom center center no-repeat\" style=\"background-image: url(); background-position: center center; background-repeat: no-repeat; \"><\/div><div class=\"container\"><div class=\"row\">\n\t<div    style=\" background-attachment: fixed; text-align: left;\" class=\"vc_col-sm-12 wpb_column column_container col\" >\n\t\t<div class=\"wpb_wrapper\">\n\t\t\t\n\t\t<\/div> \n\t<\/div> \n<\/div><\/div><\/div><div style=\"\"    class=\"fullwidth   section  vc_custom_1431288587644\"><div class=\"container\"><div class=\"row\">\n\t<div    style=\" background-attachment: fixed; text-align: center;\" class=\"vc_col-sm-4 wpb_column column_container col\" >\n\t\t<div class=\"wpb_wrapper\">\n\t\t\t\n\t\t<\/div> \n\t<\/div> \n\n\t<div    style=\" background-attachment: fixed; text-align: center;\" class=\"vc_col-sm-4 wpb_column column_container col\" >\n\t\t<div class=\"wpb_wrapper\">\n\t\t\t<div class=\"za-custom-icon\"><a href=\"#\" target=\"_self\"><i class=\"icon-repair17 font-icon\" style=\" font-size:32px; color:#8c0000; background-color:transparent; border:1px solid #8c0000; line-height:102px; width:100px; height:100px; border-radius: 50%; -webkit-border-radius: 50%; -moz-border-radius: 50%; -o-border-radius: 50%;\" onmouseover=\" this.style.color='#ffffff'; this.style.backgroundColor='#8c0000'; this.style.borderColor='#8c0000';\" onmouseout=\" this.style.color='#8c0000'; this.style.backgroundColor='transparent'; this.style.borderColor='#8c0000';\"><\/i><\/a><\/div><div class=\"custom-font\" style=\"text-align:center\"><h3 class=\"custom-font-element custom-font-4  vc_custom_1610986657777\" style=\"font-size:22px; line-height:34px; text-transform:uppercase; letter-spacing:3px; color:#333333; \">Gestion des projets<\/h3><\/div><div class=\"custom-font\" style=\"text-align:center\"><p class=\"custom-font-element   vc_custom_1614734598868\" style=\"font-size:15px; line-height:22px; letter-spacing:0px; color:#494949; \">Empire Construx est une entreprise de gestion de projets et d'entrepreneurs qui se sp\u00e9cialise dans l'ex\u00e9cution de travaux de qualit\u00e9 pour tous les types de projets de remodelage et de construction sur mesure \u00e0 Montr\u00e9al et dans les environs.<\/p><\/div>\n\t\t<\/div> \n\t<\/div> \n\n\t<div    style=\" background-attachment: fixed; text-align: center;\" class=\"vc_col-sm-4 wpb_column column_container col\" >\n\t\t<div class=\"wpb_wrapper\">\n\t\t\t\n\t\t<\/div> \n\t<\/div> \n<\/div><\/div><\/div><div style=\"background-color:#f5f5f5; \"    class=\"fullwidth   section  vc_custom_1431297337336\"><div class=\"container\"><div class=\"row\">\n\t<div    style=\" background-attachment: fixed; text-align: left;\" class=\"vc_col-sm-5 wpb_column column_container col\" >\n\t\t<div class=\"wpb_wrapper\">\n\t\t\t\n\t<div class=\"wpb_text_column wpb_content_element\" >\n\t\t<div class=\"wpb_wrapper\">\n\t\t\t<p><img fetchpriority=\"high\" decoding=\"async\" class=\"alignnone size-full wp-image-5797\" src=\"https:\/\/empireconstrux.com\/wp-content\/uploads\/2020\/11\/0AF47DC4-FB15-4A79-BF38-3D850B5F8E58.jpg\" alt=\"Linden Addition\" width=\"1000\" height=\"750\" srcset=\"https:\/\/empireconstrux.com\/wp-content\/uploads\/2020\/11\/0AF47DC4-FB15-4A79-BF38-3D850B5F8E58.jpg 1000w, https:\/\/empireconstrux.com\/wp-content\/uploads\/2020\/11\/0AF47DC4-FB15-4A79-BF38-3D850B5F8E58-300x225.jpg 300w, https:\/\/empireconstrux.com\/wp-content\/uploads\/2020\/11\/0AF47DC4-FB15-4A79-BF38-3D850B5F8E58-768x576.jpg 768w\" sizes=\"(max-width: 1000px) 100vw, 1000px\" \/><\/p>\n\n\t\t<\/div>\n\t<\/div>\n\n\t\t<\/div> \n\t<\/div> \n\n\t<div    style=\" background-attachment: fixed; text-align: left;\" class=\"vc_col-sm-7 wpb_column column_container col vc_custom_1431296973269\" >\n\t\t<div class=\"wpb_wrapper\">\n\t\t\t<div class=\"custom-font\" style=\"text-align:left\"><h2 class=\"custom-font-element custom-font-4  vc_custom_1605837235164\" style=\"font-size:24px; line-height:28px; text-transform:uppercase; letter-spacing:1px; color:#333333; \">Solutions de construction<\/h2><\/div><div class=\"custom-font\" style=\"text-align:left\"><h5 class=\"custom-font-element custom-font-9  vc_custom_1614734609695\" style=\"font-size:15px; line-height:24px; letter-spacing:0px; color:#494949; \"><\/p>\n<div class=\"custom-font\">\n<p class=\"custom-font-element custom-font-8 vc_custom_1492715578171\">R\u00e9alisez votre projet de r\u00eave avec Empire Construx<\/p>\n<\/div>\n<p><\/h5><\/div><div class=\"vc_btn3-container vc_btn3-inline vc_custom_1606190708780\" >\n\t<a class=\"vc_general vc_btn3 vc_btn3-size-md vc_btn3-shape-square vc_btn3-style-flat vc_btn3-color-black\" href=\"http:\/\/empireconstrux.com\/fr\/contact\/\" title=\"Nous joindre\">Nous joindre<\/a><\/div>\n\n\t\t<\/div> \n\t<\/div> \n<\/div><\/div><\/div><div style=\"\"    class=\"fullwidth   section\"><div class=\"container\"><div class=\"row\">\n\t<div    style=\" background-attachment: fixed; text-align: left;\" class=\"vc_col-sm-12 wpb_column column_container col\" >\n\t\t<div class=\"wpb_wrapper\">\n\t\t\t<div class=\"projects-carousel custom-carousel nav-light nav-false\" data-lazy-load=\"false\" data-carousel-auto=\"false\" data-carousel-nav=\"false\" data-margin=\"0\" data-stage-padding=\"0\" data-auto-height=\"false\" data-items-desktop=\"4\" data-items-tablet=\"2\" data-items-mobile=\"1\"><\/div>\n\t\t<\/div> \n\t<\/div> \n<\/div><\/div><\/div><div style=\"\"    class=\"fullwidth   section\"><div class=\"container\"><div class=\"row\">\n\t<div    style=\" background-attachment: fixed; text-align: left;\" class=\"vc_col-sm-12 wpb_column column_container col\" >\n\t\t<div class=\"wpb_wrapper\">\n\t\t\t<div class=\"projects-carousel custom-carousel nav-light nav-true\" data-lazy-load=\"false\" data-carousel-auto=\"true\" data-carousel-nav=\"true\" data-margin=\"0\" data-stage-padding=\"0\" data-auto-height=\"false\" data-items-desktop=\"4\" data-items-tablet=\"2\" data-items-mobile=\"1\"><div class=\"item project-item style-5\"><figure><img decoding=\"async\" width=\"900\" height=\"750\" src=\"https:\/\/empireconstrux.com\/wp-content\/uploads\/2021\/04\/empire-construx-cons7-900x750.jpg\" class=\"attachment-masonry-large size-masonry-large wp-post-image\" alt=\"Empire Construx\" title=\"\" srcset=\"https:\/\/empireconstrux.com\/wp-content\/uploads\/2021\/04\/empire-construx-cons7-900x750.jpg 900w, https:\/\/empireconstrux.com\/wp-content\/uploads\/2021\/04\/empire-construx-cons7-450x375.jpg 450w\" sizes=\"(max-width: 900px) 100vw, 900px\" \/><figcaption><a class=\"touch-open-project\" href=\"https:\/\/empireconstrux.com\/fr\/portfolio\/des-tournesols-project\/\"><\/a><div class=\"project-info\"><h4><a href=\"https:\/\/empireconstrux.com\/fr\/portfolio\/des-tournesols-project\/\">Des tournesols Project<\/a><\/h4><div class=\"project-categories\"><a href=\"https:\/\/empireconstrux.com\/fr\/project-type\/construction\/\">Construction<\/a> <\/div><\/div><div class=\"project-links\"><a href=\"https:\/\/empireconstrux.com\/wp-content\/uploads\/2021\/04\/empire-construx-cons7.jpg\" class=\"open-image lightbox\" title=\"Des tournesols Project\"><i class=\"icon-expand4\"><\/i><\/a> <a title=\"Des tournesols Project\" href=\"https:\/\/empireconstrux.com\/fr\/portfolio\/des-tournesols-project\/\" class=\"open-post\"><i class=\"icon-arrow-right4\"><\/i><\/a><\/div><div class=\"project-border-1\"><\/div><div class=\"project-border-2\"><\/div><div class=\"project-border-3\"><\/div><div class=\"project-border-4\"><\/div><\/figcaption><\/figure><\/div><div class=\"item project-item style-5\"><figure><img decoding=\"async\" width=\"900\" height=\"750\" src=\"https:\/\/empireconstrux.com\/wp-content\/uploads\/2020\/11\/CC03652C-37E7-4CC9-AF90-81479FBA38DB-900x750.jpg\" class=\"attachment-masonry-large size-masonry-large wp-post-image\" alt=\"Pilon Kitchen\/Main Floor\" title=\"\" srcset=\"https:\/\/empireconstrux.com\/wp-content\/uploads\/2020\/11\/CC03652C-37E7-4CC9-AF90-81479FBA38DB-900x750.jpg 900w, https:\/\/empireconstrux.com\/wp-content\/uploads\/2020\/11\/CC03652C-37E7-4CC9-AF90-81479FBA38DB-450x375.jpg 450w\" sizes=\"(max-width: 900px) 100vw, 900px\" \/><figcaption><a class=\"touch-open-project\" href=\"https:\/\/empireconstrux.com\/fr\/portfolio\/pilon-kitchen-main-floor\/\"><\/a><div class=\"project-info\"><h4><a href=\"https:\/\/empireconstrux.com\/fr\/portfolio\/pilon-kitchen-main-floor\/\">Cuisine Pilon\/\u00c9tage principal<\/a><\/h4><div class=\"project-categories\"><a href=\"https:\/\/empireconstrux.com\/fr\/project-type\/construction\/\">Construction<\/a> <\/div><\/div><div class=\"project-links\"><a href=\"https:\/\/empireconstrux.com\/wp-content\/uploads\/2020\/11\/CC03652C-37E7-4CC9-AF90-81479FBA38DB.jpg\" class=\"open-image lightbox\" title=\"Cuisine Pilon\/\u00c9tage principal\"><i class=\"icon-expand4\"><\/i><\/a> <a title=\"Cuisine Pilon\/\u00c9tage principal\" href=\"https:\/\/empireconstrux.com\/fr\/portfolio\/pilon-kitchen-main-floor\/\" class=\"open-post\"><i class=\"icon-arrow-right4\"><\/i><\/a><\/div><div class=\"project-border-1\"><\/div><div class=\"project-border-2\"><\/div><div class=\"project-border-3\"><\/div><div class=\"project-border-4\"><\/div><\/figcaption><\/figure><\/div><div class=\"item project-item style-5\"><figure><img loading=\"lazy\" decoding=\"async\" width=\"900\" height=\"750\" src=\"https:\/\/empireconstrux.com\/wp-content\/uploads\/2020\/11\/897AB2B0-B8E4-4663-933F-12853BF10796-1-900x750.jpg\" class=\"attachment-masonry-large size-masonry-large wp-post-image\" alt=\"Empire Construx\" title=\"\" srcset=\"https:\/\/empireconstrux.com\/wp-content\/uploads\/2020\/11\/897AB2B0-B8E4-4663-933F-12853BF10796-1-900x750.jpg 900w, https:\/\/empireconstrux.com\/wp-content\/uploads\/2020\/11\/897AB2B0-B8E4-4663-933F-12853BF10796-1-450x375.jpg 450w\" sizes=\"(max-width: 900px) 100vw, 900px\" \/><figcaption><a class=\"touch-open-project\" href=\"https:\/\/empireconstrux.com\/fr\/portfolio\/linden-addition\/\"><\/a><div class=\"project-info\"><h4><a href=\"https:\/\/empireconstrux.com\/fr\/portfolio\/linden-addition\/\">Addition Linden<\/a><\/h4><div class=\"project-categories\"><a href=\"https:\/\/empireconstrux.com\/fr\/project-type\/construction\/\">Construction<\/a> <\/div><\/div><div class=\"project-links\"><a href=\"https:\/\/empireconstrux.com\/wp-content\/uploads\/2020\/11\/897AB2B0-B8E4-4663-933F-12853BF10796-1.jpg\" class=\"open-image lightbox\" title=\"Addition Linden\"><i class=\"icon-expand4\"><\/i><\/a> <a title=\"Addition Linden\" href=\"https:\/\/empireconstrux.com\/fr\/portfolio\/linden-addition\/\" class=\"open-post\"><i class=\"icon-arrow-right4\"><\/i><\/a><\/div><div class=\"project-border-1\"><\/div><div class=\"project-border-2\"><\/div><div class=\"project-border-3\"><\/div><div class=\"project-border-4\"><\/div><\/figcaption><\/figure><\/div><div class=\"item project-item style-5\"><figure><img loading=\"lazy\" decoding=\"async\" width=\"900\" height=\"750\" src=\"https:\/\/empireconstrux.com\/wp-content\/uploads\/2020\/11\/BBD61E13-6666-4960-BEE8-CAC44473996E-1-900x750.jpg\" class=\"attachment-masonry-large size-masonry-large wp-post-image\" alt=\"Empire Construx\" title=\"\" srcset=\"https:\/\/empireconstrux.com\/wp-content\/uploads\/2020\/11\/BBD61E13-6666-4960-BEE8-CAC44473996E-1-900x750.jpg 900w, https:\/\/empireconstrux.com\/wp-content\/uploads\/2020\/11\/BBD61E13-6666-4960-BEE8-CAC44473996E-1-450x375.jpg 450w\" sizes=\"(max-width: 900px) 100vw, 900px\" \/><figcaption><a class=\"touch-open-project\" href=\"https:\/\/empireconstrux.com\/fr\/portfolio\/lachine-front-porch\/\"><\/a><div class=\"project-info\"><h4><a href=\"https:\/\/empireconstrux.com\/fr\/portfolio\/lachine-front-porch\/\">Porche d'entr\u00e9e \u00e0 Lachine<\/a><\/h4><div class=\"project-categories\"><a href=\"https:\/\/empireconstrux.com\/fr\/project-type\/construction\/\">Construction<\/a> <\/div><\/div><div class=\"project-links\"><a href=\"https:\/\/empireconstrux.com\/wp-content\/uploads\/2020\/11\/BBD61E13-6666-4960-BEE8-CAC44473996E-1.jpg\" class=\"open-image lightbox\" title=\"Porche d&#039;entr\u00e9e \u00e0 Lachine\"><i class=\"icon-expand4\"><\/i><\/a> <a title=\"Porche d&#039;entr\u00e9e \u00e0 Lachine\" href=\"https:\/\/empireconstrux.com\/fr\/portfolio\/lachine-front-porch\/\" class=\"open-post\"><i class=\"icon-arrow-right4\"><\/i><\/a><\/div><div class=\"project-border-1\"><\/div><div class=\"project-border-2\"><\/div><div class=\"project-border-3\"><\/div><div class=\"project-border-4\"><\/div><\/figcaption><\/figure><\/div><div class=\"item project-item style-5\"><figure><img loading=\"lazy\" decoding=\"async\" width=\"900\" height=\"750\" src=\"https:\/\/empireconstrux.com\/wp-content\/uploads\/2020\/11\/346C7DC4-41AB-413E-88BD-0730263FC56A-1-900x750.jpg\" class=\"attachment-masonry-large size-masonry-large wp-post-image\" alt=\"\" title=\"\" srcset=\"https:\/\/empireconstrux.com\/wp-content\/uploads\/2020\/11\/346C7DC4-41AB-413E-88BD-0730263FC56A-1-900x750.jpg 900w, https:\/\/empireconstrux.com\/wp-content\/uploads\/2020\/11\/346C7DC4-41AB-413E-88BD-0730263FC56A-1-450x375.jpg 450w\" sizes=\"(max-width: 900px) 100vw, 900px\" \/><figcaption><a class=\"touch-open-project\" href=\"https:\/\/empireconstrux.com\/fr\/portfolio\/kirkland-blvd-project\/\"><\/a><div class=\"project-info\"><h4><a href=\"https:\/\/empireconstrux.com\/fr\/portfolio\/kirkland-blvd-project\/\">Projet BLVD de Kirkland<\/a><\/h4><div class=\"project-categories\"><a href=\"https:\/\/empireconstrux.com\/fr\/project-type\/construction\/\">Construction<\/a> <\/div><\/div><div class=\"project-links\"><a href=\"https:\/\/empireconstrux.com\/wp-content\/uploads\/2020\/11\/346C7DC4-41AB-413E-88BD-0730263FC56A-1.jpg\" class=\"open-image lightbox\" title=\"Projet BLVD de Kirkland\"><i class=\"icon-expand4\"><\/i><\/a> <a title=\"Projet BLVD de Kirkland\" href=\"https:\/\/empireconstrux.com\/fr\/portfolio\/kirkland-blvd-project\/\" class=\"open-post\"><i class=\"icon-arrow-right4\"><\/i><\/a><\/div><div class=\"project-border-1\"><\/div><div class=\"project-border-2\"><\/div><div class=\"project-border-3\"><\/div><div class=\"project-border-4\"><\/div><\/figcaption><\/figure><\/div><div class=\"item project-item style-5\"><figure><img loading=\"lazy\" decoding=\"async\" width=\"900\" height=\"750\" src=\"https:\/\/empireconstrux.com\/wp-content\/uploads\/2020\/11\/EBC23774-AECA-44B8-927E-B4ACE0C2D428-1-900x750.jpg\" class=\"attachment-masonry-large size-masonry-large wp-post-image\" alt=\"Empire Construx\" title=\"\" srcset=\"https:\/\/empireconstrux.com\/wp-content\/uploads\/2020\/11\/EBC23774-AECA-44B8-927E-B4ACE0C2D428-1-900x750.jpg 900w, https:\/\/empireconstrux.com\/wp-content\/uploads\/2020\/11\/EBC23774-AECA-44B8-927E-B4ACE0C2D428-1-450x375.jpg 450w\" sizes=\"(max-width: 900px) 100vw, 900px\" \/><figcaption><a class=\"touch-open-project\" href=\"https:\/\/empireconstrux.com\/fr\/portfolio\/gray-street-front-vestibule\/\"><\/a><div class=\"project-info\"><h4><a href=\"https:\/\/empireconstrux.com\/fr\/portfolio\/gray-street-front-vestibule\/\">Gray street front vestibule and sunroom additions with new siding throughout the home<\/a><\/h4><div class=\"project-categories\"><a href=\"https:\/\/empireconstrux.com\/fr\/project-type\/construction\/\">Construction<\/a> <\/div><\/div><div class=\"project-links\"><a href=\"https:\/\/empireconstrux.com\/wp-content\/uploads\/2020\/11\/EBC23774-AECA-44B8-927E-B4ACE0C2D428-1.jpg\" class=\"open-image lightbox\" title=\"Gray street front vestibule and sunroom additions with new siding throughout the home\"><i class=\"icon-expand4\"><\/i><\/a> <a title=\"Gray street front vestibule and sunroom additions with new siding throughout the home\" href=\"https:\/\/empireconstrux.com\/fr\/portfolio\/gray-street-front-vestibule\/\" class=\"open-post\"><i class=\"icon-arrow-right4\"><\/i><\/a><\/div><div class=\"project-border-1\"><\/div><div class=\"project-border-2\"><\/div><div class=\"project-border-3\"><\/div><div class=\"project-border-4\"><\/div><\/figcaption><\/figure><\/div><div class=\"item project-item style-5\"><figure><img loading=\"lazy\" decoding=\"async\" width=\"900\" height=\"750\" src=\"https:\/\/empireconstrux.com\/wp-content\/uploads\/2020\/11\/5F3478B0-E6C3-4D4D-A93F-E5E7249FA7A8-1-900x750.jpg\" class=\"attachment-masonry-large size-masonry-large wp-post-image\" alt=\"Empire Construx\" title=\"\" srcset=\"https:\/\/empireconstrux.com\/wp-content\/uploads\/2020\/11\/5F3478B0-E6C3-4D4D-A93F-E5E7249FA7A8-1-900x750.jpg 900w, https:\/\/empireconstrux.com\/wp-content\/uploads\/2020\/11\/5F3478B0-E6C3-4D4D-A93F-E5E7249FA7A8-1-450x375.jpg 450w\" sizes=\"(max-width: 900px) 100vw, 900px\" \/><figcaption><a class=\"touch-open-project\" href=\"https:\/\/empireconstrux.com\/fr\/portfolio\/fairhaven-bathroom-project\/\"><\/a><div class=\"project-info\"><h4><a href=\"https:\/\/empireconstrux.com\/fr\/portfolio\/fairhaven-bathroom-project\/\">Projet de salle de bains de Fairhaven<\/a><\/h4><div class=\"project-categories\"><a href=\"https:\/\/empireconstrux.com\/fr\/project-type\/construction\/\">Construction<\/a> <\/div><\/div><div class=\"project-links\"><a href=\"https:\/\/empireconstrux.com\/wp-content\/uploads\/2020\/11\/5F3478B0-E6C3-4D4D-A93F-E5E7249FA7A8-1.jpg\" class=\"open-image lightbox\" title=\"Projet de salle de bains de Fairhaven\"><i class=\"icon-expand4\"><\/i><\/a> <a title=\"Projet de salle de bains de Fairhaven\" href=\"https:\/\/empireconstrux.com\/fr\/portfolio\/fairhaven-bathroom-project\/\" class=\"open-post\"><i class=\"icon-arrow-right4\"><\/i><\/a><\/div><div class=\"project-border-1\"><\/div><div class=\"project-border-2\"><\/div><div class=\"project-border-3\"><\/div><div class=\"project-border-4\"><\/div><\/figcaption><\/figure><\/div><div class=\"item project-item style-5\"><figure><img loading=\"lazy\" decoding=\"async\" width=\"800\" height=\"600\" src=\"https:\/\/empireconstrux.com\/wp-content\/uploads\/2020\/11\/247CABF8-D445-4DBA-A84C-EB3763A5E2CA-1.jpg\" class=\"attachment-masonry-large size-masonry-large wp-post-image\" alt=\"Empire Construx\" title=\"\" srcset=\"https:\/\/empireconstrux.com\/wp-content\/uploads\/2020\/11\/247CABF8-D445-4DBA-A84C-EB3763A5E2CA-1.jpg 800w, https:\/\/empireconstrux.com\/wp-content\/uploads\/2020\/11\/247CABF8-D445-4DBA-A84C-EB3763A5E2CA-1-300x225.jpg 300w, https:\/\/empireconstrux.com\/wp-content\/uploads\/2020\/11\/247CABF8-D445-4DBA-A84C-EB3763A5E2CA-1-768x576.jpg 768w\" sizes=\"(max-width: 800px) 100vw, 800px\" \/><figcaption><a class=\"touch-open-project\" href=\"https:\/\/empireconstrux.com\/fr\/portfolio\/fairhaven-basement-project\/\"><\/a><div class=\"project-info\"><h4><a href=\"https:\/\/empireconstrux.com\/fr\/portfolio\/fairhaven-basement-project\/\">Projet de sous-sol de Fairhaven<\/a><\/h4><div class=\"project-categories\"><a href=\"https:\/\/empireconstrux.com\/fr\/project-type\/construction\/\">Construction<\/a> <\/div><\/div><div class=\"project-links\"><a href=\"https:\/\/empireconstrux.com\/wp-content\/uploads\/2020\/11\/247CABF8-D445-4DBA-A84C-EB3763A5E2CA-1.jpg\" class=\"open-image lightbox\" title=\"Projet de sous-sol de Fairhaven\"><i class=\"icon-expand4\"><\/i><\/a> <a title=\"Projet de sous-sol de Fairhaven\" href=\"https:\/\/empireconstrux.com\/fr\/portfolio\/fairhaven-basement-project\/\" class=\"open-post\"><i class=\"icon-arrow-right4\"><\/i><\/a><\/div><div class=\"project-border-1\"><\/div><div class=\"project-border-2\"><\/div><div class=\"project-border-3\"><\/div><div class=\"project-border-4\"><\/div><\/figcaption><\/figure><\/div><div class=\"item project-item style-5\"><figure><img loading=\"lazy\" decoding=\"async\" width=\"800\" height=\"750\" src=\"https:\/\/empireconstrux.com\/wp-content\/uploads\/2020\/11\/CD26BB20-2CB4-449E-AEA8-B105422194DC-1-800x750.jpg\" class=\"attachment-masonry-large size-masonry-large wp-post-image\" alt=\"Empire Construx\" title=\"\" \/><figcaption><a class=\"touch-open-project\" href=\"https:\/\/empireconstrux.com\/fr\/portfolio\/cedar-kitchen-project\/\"><\/a><div class=\"project-info\"><h4><a href=\"https:\/\/empireconstrux.com\/fr\/portfolio\/cedar-kitchen-project\/\">Projet de cuisine Cedar<\/a><\/h4><div class=\"project-categories\"><a href=\"https:\/\/empireconstrux.com\/fr\/project-type\/construction\/\">Construction<\/a> <\/div><\/div><div class=\"project-links\"><a href=\"https:\/\/empireconstrux.com\/wp-content\/uploads\/2020\/11\/CD26BB20-2CB4-449E-AEA8-B105422194DC-1.jpg\" class=\"open-image lightbox\" title=\"Projet de cuisine Cedar\"><i class=\"icon-expand4\"><\/i><\/a> <a title=\"Projet de cuisine Cedar\" href=\"https:\/\/empireconstrux.com\/fr\/portfolio\/cedar-kitchen-project\/\" class=\"open-post\"><i class=\"icon-arrow-right4\"><\/i><\/a><\/div><div class=\"project-border-1\"><\/div><div class=\"project-border-2\"><\/div><div class=\"project-border-3\"><\/div><div class=\"project-border-4\"><\/div><\/figcaption><\/figure><\/div><div class=\"item project-item style-5\"><figure><img loading=\"lazy\" decoding=\"async\" width=\"900\" height=\"750\" src=\"https:\/\/empireconstrux.com\/wp-content\/uploads\/2020\/11\/DA564BCA-E666-4B20-96FD-6B0BBB52549B-1-900x750.jpg\" class=\"attachment-masonry-large size-masonry-large wp-post-image\" alt=\"Empire Construx\" title=\"\" srcset=\"https:\/\/empireconstrux.com\/wp-content\/uploads\/2020\/11\/DA564BCA-E666-4B20-96FD-6B0BBB52549B-1-900x750.jpg 900w, https:\/\/empireconstrux.com\/wp-content\/uploads\/2020\/11\/DA564BCA-E666-4B20-96FD-6B0BBB52549B-1-450x375.jpg 450w\" sizes=\"(max-width: 900px) 100vw, 900px\" \/><figcaption><a class=\"touch-open-project\" href=\"https:\/\/empireconstrux.com\/fr\/portfolio\/cedar-house-complete-build-with-landscaping\/\"><\/a><div class=\"project-info\"><h4><a href=\"https:\/\/empireconstrux.com\/fr\/portfolio\/cedar-house-complete-build-with-landscaping\/\">Maison Cedar enti\u00e8rement construite avec un am\u00e9nagement paysager<\/a><\/h4><div class=\"project-categories\"><a href=\"https:\/\/empireconstrux.com\/fr\/project-type\/construction\/\">Construction<\/a> <\/div><\/div><div class=\"project-links\"><a href=\"https:\/\/empireconstrux.com\/wp-content\/uploads\/2020\/11\/DA564BCA-E666-4B20-96FD-6B0BBB52549B-1.jpg\" class=\"open-image lightbox\" title=\"Maison Cedar enti\u00e8rement construite avec un am\u00e9nagement paysager\"><i class=\"icon-expand4\"><\/i><\/a> <a title=\"Maison Cedar enti\u00e8rement construite avec un am\u00e9nagement paysager\" href=\"https:\/\/empireconstrux.com\/fr\/portfolio\/cedar-house-complete-build-with-landscaping\/\" class=\"open-post\"><i class=\"icon-arrow-right4\"><\/i><\/a><\/div><div class=\"project-border-1\"><\/div><div class=\"project-border-2\"><\/div><div class=\"project-border-3\"><\/div><div class=\"project-border-4\"><\/div><\/figcaption><\/figure><\/div><\/div>\n\t\t<\/div> \n\t<\/div> \n<\/div><\/div><\/div>","protected":false},"excerpt":{"rendered":"","protected":false},"author":1,"featured_media":0,"parent":4557,"menu_order":0,"comment_status":"closed","ping_status":"closed","template":"template-builder.php","meta":{"footnotes":""},"class_list":["post-5426","page","type-page","status-publish","hentry"],"_links":{"self":[{"href":"https:\/\/empireconstrux.com\/fr\/wp-json\/wp\/v2\/pages\/5426","targetHints":{"allow":["GET"]}}],"collection":[{"href":"https:\/\/empireconstrux.com\/fr\/wp-json\/wp\/v2\/pages"}],"about":[{"href":"https:\/\/empireconstrux.com\/fr\/wp-json\/wp\/v2\/types\/page"}],"author":[{"embeddable":true,"href":"https:\/\/empireconstrux.com\/fr\/wp-json\/wp\/v2\/users\/1"}],"replies":[{"embeddable":true,"href":"https:\/\/empireconstrux.com\/fr\/wp-json\/wp\/v2\/comments?post=5426"}],"version-history":[{"count":42,"href":"https:\/\/empireconstrux.com\/fr\/wp-json\/wp\/v2\/pages\/5426\/revisions"}],"predecessor-version":[{"id":6168,"href":"https:\/\/empireconstrux.com\/fr\/wp-json\/wp\/v2\/pages\/5426\/revisions\/6168"}],"up":[{"embeddable":true,"href":"https:\/\/empireconstrux.com\/fr\/wp-json\/wp\/v2\/pages\/4557"}],"wp:attachment":[{"href":"https:\/\/empireconstrux.com\/fr\/wp-json\/wp\/v2\/media?parent=5426"}],"curies":[{"name":"wp","href":"https:\/\/api.w.org\/{rel}","templated":true}]}}