{"id":4626,"date":"2015-05-11T22:49:43","date_gmt":"2015-05-11T22:49:43","guid":{"rendered":"http:\/\/zoomarts.works\/dalton\/?page_id=4626"},"modified":"2021-04-04T21:08:43","modified_gmt":"2021-04-04T21:08:43","slug":"contact","status":"publish","type":"page","link":"https:\/\/empireconstrux.com\/fr\/contact\/","title":{"rendered":"Nous joindre"},"content":{"rendered":"<div style=\"\"    class=\"fullwidth   section  vc_custom_1431480740731\"><div class=\"container\"><div class=\"row\">\n\t<div    style=\" background-attachment: fixed; text-align: left;\" class=\"vc_col-sm-12 wpb_column column_container col\" >\n\t\t<div class=\"wpb_wrapper\">\n\t\t\t<div class=\"custom-font\" style=\"text-align:center\"><h3 class=\"custom-font-element custom-font-4  vc_custom_1431455333886\" style=\"font-size:22px; line-height:28px; text-transform:uppercase; letter-spacing:1px; color:#444444; \">Prenez contact avec nous<\/h3><\/div><div class=\"custom-font\" style=\"text-align:center\"><p class=\"custom-font-element custom-font-9\" style=\"font-size:15px; line-height:24px; letter-spacing:0px; color:#b4b4b4; \">N'h\u00e9sitez pas \u00e0 nous contacter \u00e0 tout moment<\/p><\/div>\n\t\t<\/div> \n\t<\/div> \n<\/div><\/div><\/div><div style=\"\"    class=\"fullwidth   section\"><div class=\"container\"><div class=\"row\">\n\t<div    style=\" background-attachment: fixed; text-align: left;\" class=\"vc_col-sm-9 wpb_column column_container col vc_custom_1431468951544\" >\n\t\t<div class=\"wpb_wrapper\">\n\t\t\t\n<div class=\"wpcf7 no-js\" id=\"wpcf7-f6-o1\" lang=\"en-CA\" dir=\"ltr\" data-wpcf7-id=\"6\">\n<div class=\"screen-reader-response\"><p role=\"status\" aria-live=\"polite\" aria-atomic=\"true\"><\/p> <ul><\/ul><\/div>\n<form action=\"\/fr\/wp-json\/wp\/v2\/pages\/4626#wpcf7-f6-o1\" method=\"post\" class=\"wpcf7-form init\" aria-label=\"Contact form\" novalidate=\"novalidate\" data-status=\"init\" data-trp-original-action=\"\/fr\/wp-json\/wp\/v2\/pages\/4626#wpcf7-f6-o1\">\n<fieldset class=\"hidden-fields-container\"><input type=\"hidden\" name=\"_wpcf7\" value=\"6\" \/><input type=\"hidden\" name=\"_wpcf7_version\" value=\"6.1.5\" \/><input type=\"hidden\" name=\"_wpcf7_locale\" value=\"en_CA\" \/><input type=\"hidden\" name=\"_wpcf7_unit_tag\" value=\"wpcf7-f6-o1\" \/><input type=\"hidden\" name=\"_wpcf7_container_post\" value=\"0\" \/><input type=\"hidden\" name=\"_wpcf7_posted_data_hash\" value=\"\" \/>\n<\/fieldset>\n<p><label> Votre nom (requis)<br \/>\n<span class=\"wpcf7-form-control-wrap\" data-name=\"your-name\"><input size=\"40\" maxlength=\"400\" class=\"wpcf7-form-control wpcf7-text wpcf7-validates-as-required\" aria-required=\"true\" aria-invalid=\"false\" value=\"\" type=\"text\" name=\"your-name\" \/><\/span> <\/label>\n<\/p>\n<p><label> Votre courriel ( requis)<br \/>\n<span class=\"wpcf7-form-control-wrap\" data-name=\"your-email\"><input size=\"40\" maxlength=\"400\" class=\"wpcf7-form-control wpcf7-email wpcf7-validates-as-required wpcf7-text wpcf7-validates-as-email\" aria-required=\"true\" aria-invalid=\"false\" value=\"\" type=\"email\" name=\"your-email\" \/><\/span> <\/label>\n<\/p>\n<p><label> Sujet<br \/>\n<span class=\"wpcf7-form-control-wrap\" data-name=\"your-subject\"><input size=\"40\" maxlength=\"400\" class=\"wpcf7-form-control wpcf7-text\" aria-invalid=\"false\" value=\"\" type=\"text\" name=\"your-subject\" \/><\/span> <\/label>\n<\/p>\n<p><label> Votre Message<br \/>\n<span class=\"wpcf7-form-control-wrap\" data-name=\"your-message\"><textarea cols=\"40\" rows=\"10\" maxlength=\"2000\" class=\"wpcf7-form-control wpcf7-textarea\" aria-invalid=\"false\" name=\"your-message\"><\/textarea><\/span> <\/label>\n<\/p>\n<p><input class=\"wpcf7-form-control wpcf7-submit has-spinner\" type=\"submit\" value=\"Envoyer\" \/>\n<\/p><div class=\"wpcf7-response-output\" aria-hidden=\"true\"><\/div>\n<input type=\"hidden\" name=\"trp-form-language\" value=\"fr\"\/><\/form>\n<\/div>\n\n\t\t<\/div> \n\t<\/div> \n\n\t<div    style=\" background-attachment: fixed; text-align: left;\" class=\"vc_col-sm-3 wpb_column column_container col vc_custom_1431468944873\" >\n\t\t<div class=\"wpb_wrapper\">\n\t\t\t<div class=\"custom-font\" style=\"text-align:left\"><h4 class=\"custom-font-element custom-font-4  vc_custom_1605894024257\" style=\"font-size:12px; line-height:24px; text-transform:uppercase; letter-spacing:2px; color:#444444; \">Notre adresse<\/h4><\/div><div class=\"divider solid-line\" style=\"text-align:left;\"><div class=\"divider-elm solid-line\" style=\"margin-top:8px; margin-bottom:14px; border-bottom: 2px solid #ad2727; width: 40px;\"><\/div><\/div>\n\t<div class=\"wpb_text_column wpb_content_element  vc_custom_1610839745290\" >\n\t\t<div class=\"wpb_wrapper\">\n\t\t\t<p><span style=\"color: #aaaaaa;\">98 Avenue Cedar, Pointe-Claire,QC<br \/>\nH9S 4Y4<\/span><br \/>\n<span style=\"color: #aaaaaa;\"> T\u00e9l\u00e9phone : <a href=\"tel:5149772665\">514-977-2665<\/a><\/span><br \/>\n<span style=\"color: #aaaaaa;\"> Courriel : <a href=\"mailto:info@empireconstrux.com\">info@empireconstrux.com<\/a><\/span><\/p>\n\n\t\t<\/div>\n\t<\/div>\n<div class=\"custom-font\" style=\"text-align:left\"><h4 class=\"custom-font-element custom-font-4  vc_custom_1605894066721\" style=\"font-size:12px; line-height:24px; text-transform:uppercase; letter-spacing:2px; color:#444444; \">Heures de travail<\/h4><\/div><div class=\"divider solid-line\" style=\"text-align:left;\"><div class=\"divider-elm solid-line\" style=\"margin-top:8px; margin-bottom:14px; border-bottom: 2px solid #ad2727; width: 40px;\"><\/div><\/div>\n\t<div class=\"wpb_text_column wpb_content_element  vc_custom_1617570934644\" >\n\t\t<div class=\"wpb_wrapper\">\n\t\t\t<p><span style=\"color: #aaaaaa;\"><span style=\"color: #666666;\">Lundi - vendredi<\/span> - 7h \u00e0 19h<\/span><br \/>\n<span style=\"color: #aaaaaa;\"><span style=\"color: #666666;\"> Samedi<\/span> &#8211; 9am to 1pm<\/span><br \/>\n<span style=\"color: #aaaaaa;\"><span style=\"color: #666666;\"> Dimanche<\/span> - Ferm\u00e9<\/span><\/p>\n\n\t\t<\/div>\n\t<\/div>\n\n\t\t<\/div> \n\t<\/div> \n<\/div><\/div><\/div><div style=\"\"    class=\"fullwidth_content   section\">\n\t<div    style=\" background-attachment: fixed; text-align: left;\" class=\"vc_col-sm-12 wpb_column column_container col\" >\n\t\t<div class=\"wpb_wrapper\">\n\t\t\t\n\t<div class=\"wpb_raw_code wpb_content_element wpb_raw_html vc_custom_1605894181187\" >\n\t\t<div class=\"wpb_wrapper\">\n\t\t\t<iframe src=\"https:\/\/www.google.com\/maps\/embed?pb=!1m18!1m12!1m3!1d357649.22288457403!2d-74.02831515796608!3d45.547618723662055!2m3!1f0!2f0!3f0!3m2!1i1024!2i768!4f13.1!3m3!1m2!1s0x4cc91a541c64b70d%3A0x654e3138211fefef!2sMontreal%2C%20QC!5e0!3m2!1sen!2sca!4v1605894141929!5m2!1sen!2sca\" width=\"100%\" height=\"450\" frameborder=\"0\" style=\"border:0;\" allowfullscreen=\"\" aria-hidden=\"false\" tabindex=\"0\"><\/iframe>\n\t\t<\/div>\n\t<\/div>\n\n\t\t<\/div> \n\t<\/div> \n<\/div><div style=\"\"    class=\"fullwidth   section\"><div class=\"container\"><div class=\"row\">\n\t<div    style=\" background-attachment: fixed; text-align: left;\" class=\"vc_col-sm-12 wpb_column column_container col\" >\n\t\t<div class=\"wpb_wrapper\">\n\t\t\t\n\t\t<\/div> \n\t<\/div> \n<\/div><\/div><\/div>","protected":false},"excerpt":{"rendered":"Get in TouchPlease feel free to contact us any time Your Name (required) Your Email (required) Subject Your Message Our address 98 Avenue Cedar, Pointe-Claire,QC H9S 4Y4 Phone: 514-977-2665 Email: info@empireconstrux.com Working Hours Monday - Friday - 7am to 7pm Saturday - 9am to 1pm Sunday - Closed","protected":false},"author":1,"featured_media":0,"parent":0,"menu_order":0,"comment_status":"closed","ping_status":"open","template":"template-builder.php","meta":{"footnotes":""},"class_list":["post-4626","page","type-page","status-publish","hentry"],"_links":{"self":[{"href":"https:\/\/empireconstrux.com\/fr\/wp-json\/wp\/v2\/pages\/4626","targetHints":{"allow":["GET"]}}],"collection":[{"href":"https:\/\/empireconstrux.com\/fr\/wp-json\/wp\/v2\/pages"}],"about":[{"href":"https:\/\/empireconstrux.com\/fr\/wp-json\/wp\/v2\/types\/page"}],"author":[{"embeddable":true,"href":"https:\/\/empireconstrux.com\/fr\/wp-json\/wp\/v2\/users\/1"}],"replies":[{"embeddable":true,"href":"https:\/\/empireconstrux.com\/fr\/wp-json\/wp\/v2\/comments?post=4626"}],"version-history":[{"count":9,"href":"https:\/\/empireconstrux.com\/fr\/wp-json\/wp\/v2\/pages\/4626\/revisions"}],"predecessor-version":[{"id":6164,"href":"https:\/\/empireconstrux.com\/fr\/wp-json\/wp\/v2\/pages\/4626\/revisions\/6164"}],"wp:attachment":[{"href":"https:\/\/empireconstrux.com\/fr\/wp-json\/wp\/v2\/media?parent=4626"}],"curies":[{"name":"wp","href":"https:\/\/api.w.org\/{rel}","templated":true}]}}